{"id":5670,"date":"2016-01-29T10:13:23","date_gmt":"2016-01-29T10:13:23","guid":{"rendered":"https:\/\/ibfmakina.com\/uygulama-alanlari\/"},"modified":"2023-12-18T09:18:47","modified_gmt":"2023-12-18T09:18:47","slug":"application-areas","status":"publish","type":"page","link":"https:\/\/ibfmakina.com\/en\/application-areas\/","title":{"rendered":"Application Areas"},"content":{"rendered":"<p>[vc_row type=&#8221;vc_default&#8221;][vc_column width=&#8221;1\/3&#8243; css=&#8221;.vc_custom_1498211177630{padding-bottom: 50px !important;}&#8221;]<style type=\"text\/css\" data-type=\"the7_shortcodes-inline-css\">.shortcode-single-image-wrap.shortcode-single-image-93351ad0f402f0218f45f19c382cf7ad.enable-bg-rollover .rollover i,\n.shortcode-single-image-wrap.shortcode-single-image-93351ad0f402f0218f45f19c382cf7ad.enable-bg-rollover .rollover-video i {\n  background: -webkit-linear-gradient();\n  background: linear-gradient();\n}\n.shortcode-single-image-wrap.shortcode-single-image-93351ad0f402f0218f45f19c382cf7ad .rollover-icon {\n  font-size: 32px;\n  color: #ffffff;\n  min-width: 44px;\n  min-height: 44px;\n  line-height: 44px;\n  border-radius: 100px;\n  border-style: solid;\n  border-width: 0px;\n}\n.dt-icon-bg-on.shortcode-single-image-wrap.shortcode-single-image-93351ad0f402f0218f45f19c382cf7ad .rollover-icon {\n  background: rgba(255,255,255,0.3);\n  box-shadow: none;\n}\n<\/style><div class=\"shortcode-single-image-wrap shortcode-single-image-93351ad0f402f0218f45f19c382cf7ad alignnone  vc_custom_1699802231183 enable-bg-rollover dt-icon-bg-off\" ><div class=\"shortcode-single-image\"><div class=\"fancy-media-wrap\" style=\"border-radius:500px;\"><a href=\"https:\/\/ibfmakina.com\/uygulama-alanlari\/yapi-kimyasallari\/\" class=\" layzr-bg rollover\" style=\"border-radius:500px;\" aria-label=\"Image\"><img decoding=\"async\" class=\"preload-me lazy-load aspect\" src=\"data:image\/svg+xml,%3Csvg%20xmlns%3D&#39;http%3A%2F%2Fwww.w3.org%2F2000%2Fsvg&#39;%20viewBox%3D&#39;0%200%20200%20200&#39;%2F%3E\" data-src=\"https:\/\/ibfmakina.com\/wp-content\/uploads\/2023\/11\/yapi-2.jpg\" data-srcset=\"https:\/\/ibfmakina.com\/wp-content\/uploads\/2023\/11\/yapi-2.jpg 200w\" loading=\"eager\" style=\"--ratio: 200 \/ 200\" sizes=\"(max-width: 200px) 100vw, 200px\" width=\"200\" height=\"200\"  data-dt-location=\"https:\/\/ibfmakina.com\/en\/yapi-2\/\" alt=\"\" \/><\/a><\/div><\/div><\/div><span id=\"creative-link-wrap-7652\" class=\"ult_main_cl ult-adjust-bottom-margin  \" >\n\t \t\t\t<span class=\"  ult_crlink\" >\n\t\t\t\t\t<a  data-ultimate-target='#creative-link-wrap-7652 .ult_colorlink'  data-responsive-json-new='{\"font-size\":\"desktop:26px;\",\"line-height\":\"desktop:32px;\"}'  href=\"https:\/\/ibfmakina.com\/uygulama-alanlari\/yapi-kimyasallari\/\" title=\"Yap\u0131 Kimyasallar\u0131\"  class=\"ult_colorlink ult-responsive  vc_custom_1699802032791\" style=\"font-family:Open Sans Condensed;font-weight:700; \"  data-textcolor=\"#1f365c\" data-texthover=\"#ffb536\"data-style=\"\">\n\t\t\t\t\t\t\n\t\t\t\t\t\t<span data-hover=\"Yap\u0131 Kimyasallar\u0131\" style=\"color:#1f365c;;;\" class=\"ult_btn10_span   \">Yap\u0131 Kimyasallar\u0131<\/span>\n\t\t\t\t\t\t\n\t\t\t\t\t<\/a>\n\t\t\t\t<\/span>\n\t\t\t<\/span>[\/vc_column][vc_column width=&#8221;1\/3&#8243; css=&#8221;.vc_custom_1498211173058{padding-bottom: 50px !important;}&#8221;]<style type=\"text\/css\" data-type=\"the7_shortcodes-inline-css\">.shortcode-single-image-wrap.shortcode-single-image-d63a0462a0d0608a50a624f712c807a0.enable-bg-rollover .rollover i,\n.shortcode-single-image-wrap.shortcode-single-image-d63a0462a0d0608a50a624f712c807a0.enable-bg-rollover .rollover-video i {\n  background: -webkit-linear-gradient();\n  background: linear-gradient();\n}\n.shortcode-single-image-wrap.shortcode-single-image-d63a0462a0d0608a50a624f712c807a0 .rollover-icon {\n  font-size: 32px;\n  color: #ffffff;\n  min-width: 44px;\n  min-height: 44px;\n  line-height: 44px;\n  border-radius: 100px;\n  border-style: solid;\n  border-width: 0px;\n}\n.dt-icon-bg-on.shortcode-single-image-wrap.shortcode-single-image-d63a0462a0d0608a50a624f712c807a0 .rollover-icon {\n  background: rgba(255,255,255,0.3);\n  box-shadow: none;\n}\n<\/style><div class=\"shortcode-single-image-wrap shortcode-single-image-d63a0462a0d0608a50a624f712c807a0 alignnone  vc_custom_1699802251226 enable-bg-rollover dt-icon-bg-off\" ><div class=\"shortcode-single-image\"><div class=\"fancy-media-wrap\" style=\"border-radius:500px;\"><a href=\"https:\/\/ibfmakina.com\/uygulama-alanlari\/otomotiv-sanayi\/\" class=\" layzr-bg rollover\" style=\"border-radius:500px;\" aria-label=\"Image\"><img decoding=\"async\" class=\"preload-me lazy-load aspect\" src=\"data:image\/svg+xml,%3Csvg%20xmlns%3D&#39;http%3A%2F%2Fwww.w3.org%2F2000%2Fsvg&#39;%20viewBox%3D&#39;0%200%20200%20200&#39;%2F%3E\" data-src=\"https:\/\/ibfmakina.com\/wp-content\/uploads\/2023\/11\/otomotiv-2.jpg\" data-srcset=\"https:\/\/ibfmakina.com\/wp-content\/uploads\/2023\/11\/otomotiv-2.jpg 200w\" loading=\"eager\" style=\"--ratio: 200 \/ 200\" sizes=\"(max-width: 200px) 100vw, 200px\" width=\"200\" height=\"200\"  data-dt-location=\"https:\/\/ibfmakina.com\/en\/otomotiv-2\/\" alt=\"\" \/><\/a><\/div><\/div><\/div><span id=\"creative-link-wrap-6933\" class=\"ult_main_cl ult-adjust-bottom-margin  \" >\n\t \t\t\t<span class=\"  ult_crlink\" >\n\t\t\t\t\t<a  data-ultimate-target='#creative-link-wrap-6933 .ult_colorlink'  data-responsive-json-new='{\"font-size\":\"desktop:26px;\",\"line-height\":\"desktop:32px;\"}'  href=\"https:\/\/ibfmakina.com\/uygulama-alanlari\/otomotiv-sanayi\/\" title=\"Otomotiv Sanayi\"  class=\"ult_colorlink ult-responsive  vc_custom_1699802069532\" style=\"font-family:Open Sans Condensed;font-weight:700; \"  data-textcolor=\"#1f365c\" data-texthover=\"#ffb536\"data-style=\"\">\n\t\t\t\t\t\t\n\t\t\t\t\t\t<span data-hover=\"Otomotiv Sanayisi\" style=\"color:#1f365c;;;\" class=\"ult_btn10_span   \">Otomotiv Sanayisi<\/span>\n\t\t\t\t\t\t\n\t\t\t\t\t<\/a>\n\t\t\t\t<\/span>\n\t\t\t<\/span>[\/vc_column][vc_column width=&#8221;1\/3&#8243; css=&#8221;.vc_custom_1498211168626{padding-bottom: 50px !important;}&#8221;]<style type=\"text\/css\" data-type=\"the7_shortcodes-inline-css\">.shortcode-single-image-wrap.shortcode-single-image-6323c35f448cf276a89d7696e9a573e9.enable-bg-rollover .rollover i,\n.shortcode-single-image-wrap.shortcode-single-image-6323c35f448cf276a89d7696e9a573e9.enable-bg-rollover .rollover-video i {\n  background: -webkit-linear-gradient();\n  background: linear-gradient();\n}\n.shortcode-single-image-wrap.shortcode-single-image-6323c35f448cf276a89d7696e9a573e9 .rollover-icon {\n  font-size: 32px;\n  color: #ffffff;\n  min-width: 44px;\n  min-height: 44px;\n  line-height: 44px;\n  border-radius: 100px;\n  border-style: solid;\n  border-width: 0px;\n}\n.dt-icon-bg-on.shortcode-single-image-wrap.shortcode-single-image-6323c35f448cf276a89d7696e9a573e9 .rollover-icon {\n  background: rgba(255,255,255,0.3);\n  box-shadow: none;\n}\n<\/style><div class=\"shortcode-single-image-wrap shortcode-single-image-6323c35f448cf276a89d7696e9a573e9 alignnone  vc_custom_1700604007976 enable-bg-rollover dt-icon-bg-off\" ><div class=\"shortcode-single-image\"><div class=\"fancy-media-wrap\" style=\"border-radius:500px;\"><a href=\"https:\/\/ibfmakina.com\/uygulama-alanlari\/yem-sanayisi\/\" class=\" layzr-bg rollover\" style=\"border-radius:500px;\" aria-label=\"Image\"><img decoding=\"async\" class=\"preload-me lazy-load aspect\" src=\"data:image\/svg+xml,%3Csvg%20xmlns%3D&#39;http%3A%2F%2Fwww.w3.org%2F2000%2Fsvg&#39;%20viewBox%3D&#39;0%200%20220%20220&#39;%2F%3E\" data-src=\"https:\/\/ibfmakina.com\/wp-content\/uploads\/2023\/11\/yem-sanayisi-y-220x220.jpg\" data-srcset=\"https:\/\/ibfmakina.com\/wp-content\/uploads\/2023\/11\/yem-sanayisi-y-220x220.jpg 220w, https:\/\/ibfmakina.com\/wp-content\/uploads\/2023\/11\/yem-sanayisi-y-440x440.jpg 440w\" loading=\"eager\" style=\"--ratio: 220 \/ 220\" sizes=\"(max-width: 220px) 100vw, 220px\" width=\"220\" height=\"220\"  data-dt-location=\"https:\/\/ibfmakina.com\/en\/uygulama-alanlari\/yapi-kimyasallari\/yem-sanayisi-y\/\" alt=\"\" \/><\/a><\/div><\/div><\/div><span id=\"creative-link-wrap-1091\" class=\"ult_main_cl ult-adjust-bottom-margin  \" >\n\t \t\t\t<span class=\"  ult_crlink\" >\n\t\t\t\t\t<a  data-ultimate-target='#creative-link-wrap-1091 .ult_colorlink'  data-responsive-json-new='{\"font-size\":\"desktop:26px;\",\"line-height\":\"desktop:32px;\"}'  href=\"https:\/\/ibfmakina.com\/uygulama-alanlari\/yem-sanayisi\/\" title=\"Yem Sanayisi\"  class=\"ult_colorlink ult-responsive  vc_custom_1699802093661\" style=\"font-family:Open Sans Condensed;font-weight:700; \"  data-textcolor=\"#1f365c\" data-texthover=\"#ffb536\"data-style=\"\">\n\t\t\t\t\t\t\n\t\t\t\t\t\t<span data-hover=\"Yem Sanayisi\" style=\"color:#1f365c;;;\" class=\"ult_btn10_span   \">Yem Sanayisi<\/span>\n\t\t\t\t\t\t\n\t\t\t\t\t<\/a>\n\t\t\t\t<\/span>\n\t\t\t<\/span>[\/vc_column][\/vc_row][vc_row type=&#8221;vc_default&#8221; css=&#8221;.vc_custom_1498212582492{padding-bottom: 20px !important;}&#8221;][vc_column width=&#8221;1\/2&#8243; css=&#8221;.vc_custom_1498211177630{padding-bottom: 50px !important;}&#8221;]<style type=\"text\/css\" data-type=\"the7_shortcodes-inline-css\">.shortcode-single-image-wrap.shortcode-single-image-9a8adbd996befccaff3f9dc1cb04133e.enable-bg-rollover .rollover i,\n.shortcode-single-image-wrap.shortcode-single-image-9a8adbd996befccaff3f9dc1cb04133e.enable-bg-rollover .rollover-video i {\n  background: -webkit-linear-gradient();\n  background: linear-gradient();\n}\n.shortcode-single-image-wrap.shortcode-single-image-9a8adbd996befccaff3f9dc1cb04133e .rollover-icon {\n  font-size: 32px;\n  color: #ffffff;\n  min-width: 44px;\n  min-height: 44px;\n  line-height: 44px;\n  border-radius: 100px;\n  border-style: solid;\n  border-width: 0px;\n}\n.dt-icon-bg-on.shortcode-single-image-wrap.shortcode-single-image-9a8adbd996befccaff3f9dc1cb04133e .rollover-icon {\n  background: rgba(255,255,255,0.3);\n  box-shadow: none;\n}\n<\/style><div class=\"shortcode-single-image-wrap shortcode-single-image-9a8adbd996befccaff3f9dc1cb04133e alignnone  vc_custom_1699802145684 enable-bg-rollover dt-icon-bg-off\" ><div class=\"shortcode-single-image\"><div class=\"fancy-media-wrap\" style=\"border-radius:500px;\"><a href=\"https:\/\/ibfmakina.com\/uygulama-alanlari\/un-sanayisi\/\" class=\" layzr-bg rollover\" style=\"border-radius:500px;\" aria-label=\"Image\"><img decoding=\"async\" class=\"preload-me lazy-load aspect\" src=\"data:image\/svg+xml,%3Csvg%20xmlns%3D&#39;http%3A%2F%2Fwww.w3.org%2F2000%2Fsvg&#39;%20viewBox%3D&#39;0%200%20200%20200&#39;%2F%3E\" data-src=\"https:\/\/ibfmakina.com\/wp-content\/uploads\/2023\/11\/un-y.jpg\" data-srcset=\"https:\/\/ibfmakina.com\/wp-content\/uploads\/2023\/11\/un-y.jpg 200w\" loading=\"eager\" style=\"--ratio: 200 \/ 200\" sizes=\"(max-width: 200px) 100vw, 200px\" width=\"200\" height=\"200\"  data-dt-location=\"https:\/\/ibfmakina.com\/en\/un-y\/\" alt=\"\" \/><\/a><\/div><\/div><\/div><span id=\"creative-link-wrap-7533\" class=\"ult_main_cl ult-adjust-bottom-margin  \" >\n\t \t\t\t<span class=\"  ult_crlink\" >\n\t\t\t\t\t<a  data-ultimate-target='#creative-link-wrap-7533 .ult_colorlink'  data-responsive-json-new='{\"font-size\":\"desktop:26px;\",\"line-height\":\"desktop:32px;\"}'  href=\"https:\/\/ibfmakina.com\/uygulama-alanlari\/un-sanayisi\/\" title=\"Un Sanayisi\"  class=\"ult_colorlink ult-responsive  vc_custom_1700604034386\" style=\"font-family:Open Sans Condensed;font-weight:700; \"  data-textcolor=\"#213962\" data-texthover=\"#ffb536\"data-style=\"\">\n\t\t\t\t\t\t\n\t\t\t\t\t\t<span data-hover=\"Un Sanayisi\" style=\"color:#213962;;;\" class=\"ult_btn10_span   \">Un Sanayisi<\/span>\n\t\t\t\t\t\t\n\t\t\t\t\t<\/a>\n\t\t\t\t<\/span>\n\t\t\t<\/span>[\/vc_column][vc_column width=&#8221;1\/2&#8243; css=&#8221;.vc_custom_1498211173058{padding-bottom: 50px !important;}&#8221;]<style type=\"text\/css\" data-type=\"the7_shortcodes-inline-css\">.shortcode-single-image-wrap.shortcode-single-image-a5b49a92c9ee57f4a74b70bf8c9ccc8c.enable-bg-rollover .rollover i,\n.shortcode-single-image-wrap.shortcode-single-image-a5b49a92c9ee57f4a74b70bf8c9ccc8c.enable-bg-rollover .rollover-video i {\n  background: -webkit-linear-gradient();\n  background: linear-gradient();\n}\n.shortcode-single-image-wrap.shortcode-single-image-a5b49a92c9ee57f4a74b70bf8c9ccc8c .rollover-icon {\n  font-size: 32px;\n  color: #ffffff;\n  min-width: 44px;\n  min-height: 44px;\n  line-height: 44px;\n  border-radius: 100px;\n  border-style: solid;\n  border-width: 0px;\n}\n.dt-icon-bg-on.shortcode-single-image-wrap.shortcode-single-image-a5b49a92c9ee57f4a74b70bf8c9ccc8c .rollover-icon {\n  background: rgba(255,255,255,0.3);\n  box-shadow: none;\n}\n<\/style><div class=\"shortcode-single-image-wrap shortcode-single-image-a5b49a92c9ee57f4a74b70bf8c9ccc8c alignnone  vc_custom_1699802191486 enable-bg-rollover dt-icon-bg-off\" ><div class=\"shortcode-single-image\"><div class=\"fancy-media-wrap\" style=\"border-radius:500px;\"><a href=\"https:\/\/ibfmakina.com\/uygulama-alanlari\/kimya-sanayisi\/\" class=\" layzr-bg rollover\" style=\"border-radius:500px;\" aria-label=\"Image\"><img decoding=\"async\" class=\"preload-me lazy-load aspect\" src=\"data:image\/svg+xml,%3Csvg%20xmlns%3D&#39;http%3A%2F%2Fwww.w3.org%2F2000%2Fsvg&#39;%20viewBox%3D&#39;0%200%20200%20200&#39;%2F%3E\" data-src=\"https:\/\/ibfmakina.com\/wp-content\/uploads\/2023\/11\/kimya-y.jpg\" data-srcset=\"https:\/\/ibfmakina.com\/wp-content\/uploads\/2023\/11\/kimya-y.jpg 200w\" loading=\"eager\" style=\"--ratio: 200 \/ 200\" sizes=\"(max-width: 200px) 100vw, 200px\" width=\"200\" height=\"200\"  data-dt-location=\"https:\/\/ibfmakina.com\/en\/kimya-y\/\" alt=\"\" \/><\/a><\/div><\/div><\/div><span id=\"creative-link-wrap-8347\" class=\"ult_main_cl ult-adjust-bottom-margin  \" >\n\t \t\t\t<span class=\"  ult_crlink\" >\n\t\t\t\t\t<a  data-ultimate-target='#creative-link-wrap-8347 .ult_colorlink'  data-responsive-json-new='{\"font-size\":\"desktop:26px;\",\"line-height\":\"desktop:32px;\"}'  href=\"https:\/\/ibfmakina.com\/uygulama-alanlari\/kimya-sanayisi\/\" title=\"Kimya Sanayisi\"  class=\"ult_colorlink ult-responsive  vc_custom_1699802161888\" style=\"font-family:Open Sans Condensed;font-weight:700; \"  data-textcolor=\"#1f365c\" data-texthover=\"#ff9f1a\"data-style=\"\">\n\t\t\t\t\t\t\n\t\t\t\t\t\t<span data-hover=\"Kimya Sanayisi\" style=\"color:#1f365c;;;\" class=\"ult_btn10_span   \">Kimya Sanayisi<\/span>\n\t\t\t\t\t\t\n\t\t\t\t\t<\/a>\n\t\t\t\t<\/span>\n\t\t\t<\/span>[\/vc_column][\/vc_row][vc_row bg_type=&#8221;bg_color&#8221; bg_override=&#8221;ex-full&#8221; type=&#8221;vc_default&#8221; css=&#8221;.vc_custom_1498212491956{padding-top: 60px !important;padding-bottom: 70px !important;}&#8221; bg_color_value=&#8221;#f5f5f5&#8243;][vc_column]<div id=\"ultimate-heading-935069f27565b0c4c\" class=\"uvc-heading ult-adjust-bottom-margin ultimate-heading-935069f27565b0c4c uvc-7004 color-title accent-title-color\" data-hspacer=\"no_spacer\"  data-halign=\"center\" style=\"text-align:center\"><div class=\"uvc-heading-spacer no_spacer\" style=\"top\"><\/div><div class=\"uvc-main-heading ult-responsive\"  data-ultimate-target='.uvc-heading.ultimate-heading-935069f27565b0c4c h2'  data-responsive-json-new='{\"font-size\":\"desktop:40px;tablet_portrait:20px;\",\"line-height\":\"desktop:46px;tablet_portrait:26px;\"}' ><h2 style=\"font-family:&#039;Open Sans Condensed&#039;;font-weight:700;margin-bottom:10px;\">\u015eimdi \u0130leti\u015fime Ge\u00e7<\/h2><\/div><div class=\"uvc-sub-heading ult-responsive\"  data-ultimate-target='.uvc-heading.ultimate-heading-935069f27565b0c4c .uvc-sub-heading '  data-responsive-json-new='{\"font-size\":\"desktop:70px;tablet_portrait:40px;\",\"line-height\":\"desktop:76px;tablet_portrait:46px;\"}'  style=\"font-family:&#039;Open Sans Condensed&#039;;font-weight:700;\">\u00dccretsiz Dan\u0131\u015fmanl\u0131k Al<\/div><\/div><style type=\"text\/css\" data-type=\"the7_shortcodes-inline-css\">#default-btn-0d6bf6d48357140565f4fbedc7d77a13.ico-right-side > i {\n  margin-right: 0px;\n  margin-left: 8px;\n}\n#default-btn-0d6bf6d48357140565f4fbedc7d77a13 > i {\n  margin-right: 8px;\n}\n<\/style><div class=\"btn-align-center\"><a href=\"\/corporate\/contact\" class=\"default-btn-shortcode dt-btn dt-btn-l link-hover-off  vc_custom_1608163834474\" id=\"default-btn-0d6bf6d48357140565f4fbedc7d77a13\" style=\"width:400px;\"><span>Fiyat Teklifi Al<\/span><\/a><\/div>[\/vc_column][\/vc_row]<\/p>\n","protected":false},"excerpt":{"rendered":"<p>[vc_row type=&#8221;vc_default&#8221;][vc_column width=&#8221;1\/3&#8243; css=&#8221;.vc_custom_1498211177630{padding-bottom: 50px !important;}&#8221;][\/vc_column][vc_column width=&#8221;1\/3&#8243; css=&#8221;.vc_custom_1498211173058{padding-bottom: 50px !important;}&#8221;][\/vc_column][vc_column width=&#8221;1\/3&#8243; css=&#8221;.vc_custom_1498211168626{padding-bottom: 50px !important;}&#8221;][\/vc_column][\/vc_row][vc_row type=&#8221;vc_default&#8221; css=&#8221;.vc_custom_1498212582492{padding-bottom: 20px !important;}&#8221;][vc_column width=&#8221;1\/2&#8243; css=&#8221;.vc_custom_1498211177630{padding-bottom: 50px !important;}&#8221;][\/vc_column][vc_column width=&#8221;1\/2&#8243; css=&#8221;.vc_custom_1498211173058{padding-bottom: 50px !important;}&#8221;][\/vc_column][\/vc_row][vc_row bg_type=&#8221;bg_color&#8221; bg_override=&#8221;ex-full&#8221; type=&#8221;vc_default&#8221; css=&#8221;.vc_custom_1498212491956{padding-top: 60px !important;padding-bottom: 70px !important;}&#8221; bg_color_value=&#8221;#f5f5f5&#8243;][vc_column][\/vc_column][\/vc_row]<\/p>\n","protected":false},"author":1,"featured_media":0,"parent":0,"menu_order":300,"comment_status":"closed","ping_status":"closed","template":"","meta":{"footnotes":""},"class_list":["post-5670","page","type-page","status-publish","hentry","description-off"],"_links":{"self":[{"href":"https:\/\/ibfmakina.com\/en\/wp-json\/wp\/v2\/pages\/5670","targetHints":{"allow":["GET"]}}],"collection":[{"href":"https:\/\/ibfmakina.com\/en\/wp-json\/wp\/v2\/pages"}],"about":[{"href":"https:\/\/ibfmakina.com\/en\/wp-json\/wp\/v2\/types\/page"}],"author":[{"embeddable":true,"href":"https:\/\/ibfmakina.com\/en\/wp-json\/wp\/v2\/users\/1"}],"replies":[{"embeddable":true,"href":"https:\/\/ibfmakina.com\/en\/wp-json\/wp\/v2\/comments?post=5670"}],"version-history":[{"count":2,"href":"https:\/\/ibfmakina.com\/en\/wp-json\/wp\/v2\/pages\/5670\/revisions"}],"predecessor-version":[{"id":5685,"href":"https:\/\/ibfmakina.com\/en\/wp-json\/wp\/v2\/pages\/5670\/revisions\/5685"}],"wp:attachment":[{"href":"https:\/\/ibfmakina.com\/en\/wp-json\/wp\/v2\/media?parent=5670"}],"curies":[{"name":"wp","href":"https:\/\/api.w.org\/{rel}","templated":true}]}}